{"id":19964,"date":"2024-05-07T14:52:20","date_gmt":"2024-05-07T12:52:20","guid":{"rendered":"https:\/\/bc.academy\/over-bc-academy\/onpartijdigheid\/"},"modified":"2025-11-10T13:09:39","modified_gmt":"2025-11-10T12:09:39","slug":"impartialite","status":"publish","type":"page","link":"https:\/\/bc.academy\/fr\/over-bc-academy\/impartialite\/","title":{"rendered":"Impartialit\u00e9"},"content":{"rendered":"<p>BC Academy est affili\u00e9e \u00e0 des <a href=\"https:\/\/brandcompliance.com\/\" rel=\"noopener\">organismes de certification<\/a> qui doivent \u00e0 tout moment veiller \u00e0 leur impartialit\u00e9. C&#8217;est pourquoi BC Academy doit \u00e9galement adopter et conserver une position impartiale.<\/p>\n<p>Nous estimons qu&#8217;il est important que nos formations r\u00e9pondent \u00e0 vos attentes. C&#8217;est pourquoi nous sommes clairs sur ce que BC Academy peut ou ne peut pas offrir.<\/p>\n<p>Il est important de savoir que nos formations sont con\u00e7ues pour transmettre des connaissances et des comp\u00e9tences g\u00e9n\u00e9rales qui peuvent \u00eatre appliqu\u00e9es dans diff\u00e9rentes situations.<\/p>\n<h5>Transfert de connaissances approfondi<\/h5>\n<p>Nos formations sont con\u00e7ues pour transmettre des connaissances relatives aux fondements th\u00e9oriques et aux diff\u00e9rentes m\u00e9thodologies et outils pertinents pour votre domaine d&#8217;activit\u00e9. Vous pouvez donc vous attendre \u00e0 des explications sur les th\u00e9ories, m\u00e9thodologies, techniques ou outils connexes.<\/p>\n<h5>Explication des crit\u00e8res (de certification)<\/h5>\n<p>Nos formateurs exp\u00e9riment\u00e9s sont des experts et peuvent vous expliquer clairement la signification des crit\u00e8res (de certification). Ils se feront un plaisir de vous aider \u00e0 mieux les comprendre.<\/p>\n<h5>Meilleures pratiques<\/h5>\n<p>Nos formateurs partagent volontiers leurs connaissances et leur exp\u00e9rience concernant des \u00ab meilleures pratiques \u00bb \u00e9prouv\u00e9es. Cela vous permet d\u2019apprendre \u00e0 partir des exp\u00e9riences d\u2019autres professionnels.<\/p>\n<h5>Pas de conseils sp\u00e9cifiques<\/h5>\n<p>Dans le cadre de l\u2019impartialit\u00e9 et de l\u2019ind\u00e9pendance, nos formateurs ne peuvent pas fournir de solutions ou de conseils sp\u00e9cifiques \u00e0 chaque client.<br \/>\nBien que nos formateurs disposent d\u2019une expertise approfondie dans leur domaine, ils ne sont pas autoris\u00e9s \u00e0 proposer des solutions ou des recommandations sp\u00e9cifiques adapt\u00e9es \u00e0 des situations individuelles.<\/p>\n<p><img loading=\"lazy\" decoding=\"async\" class=\"wp-image-19199 aligncenter\" src=\"https:\/\/bc.academy\/wp-content\/uploads\/sites\/5\/2023\/12\/20230413-Brandcompliance-188-web3-300x231.jpg\" alt=\"onpartijdigheid\" width=\"492\" height=\"379\" srcset=\"https:\/\/bc.academy\/wp-content\/uploads\/sites\/5\/2023\/12\/20230413-Brandcompliance-188-web3-300x231.jpg 300w, https:\/\/bc.academy\/wp-content\/uploads\/sites\/5\/2023\/12\/20230413-Brandcompliance-188-web3-768x591.jpg 768w, https:\/\/bc.academy\/wp-content\/uploads\/sites\/5\/2023\/12\/20230413-Brandcompliance-188-web3-600x462.jpg 600w, https:\/\/bc.academy\/wp-content\/uploads\/sites\/5\/2023\/12\/20230413-Brandcompliance-188-web3.jpg 821w\" sizes=\"auto, (max-width: 492px) 100vw, 492px\" \/><\/p>\n","protected":false},"excerpt":{"rendered":"<p>BC Academy est affili\u00e9e \u00e0 des organismes de certification qui doivent \u00e0 tout moment veiller \u00e0 leur impartialit\u00e9. C&#8217;est pourquoi BC Academy doit \u00e9galement adopter&#8230;<\/p>\n","protected":false},"author":6,"featured_media":0,"parent":19947,"menu_order":0,"comment_status":"closed","ping_status":"closed","template":"","meta":{"_acf_changed":false,"footnotes":""},"class_list":["post-19964","page","type-page","status-publish","hentry"],"acf":[],"_links":{"self":[{"href":"https:\/\/bc.academy\/fr\/wp-json\/wp\/v2\/pages\/19964","targetHints":{"allow":["GET"]}}],"collection":[{"href":"https:\/\/bc.academy\/fr\/wp-json\/wp\/v2\/pages"}],"about":[{"href":"https:\/\/bc.academy\/fr\/wp-json\/wp\/v2\/types\/page"}],"author":[{"embeddable":true,"href":"https:\/\/bc.academy\/fr\/wp-json\/wp\/v2\/users\/6"}],"replies":[{"embeddable":true,"href":"https:\/\/bc.academy\/fr\/wp-json\/wp\/v2\/comments?post=19964"}],"version-history":[{"count":1,"href":"https:\/\/bc.academy\/fr\/wp-json\/wp\/v2\/pages\/19964\/revisions"}],"predecessor-version":[{"id":19966,"href":"https:\/\/bc.academy\/fr\/wp-json\/wp\/v2\/pages\/19964\/revisions\/19966"}],"up":[{"embeddable":true,"href":"https:\/\/bc.academy\/fr\/wp-json\/wp\/v2\/pages\/19947"}],"wp:attachment":[{"href":"https:\/\/bc.academy\/fr\/wp-json\/wp\/v2\/media?parent=19964"}],"curies":[{"name":"wp","href":"https:\/\/api.w.org\/{rel}","templated":true}]}}