{"id":20064,"date":"2023-12-03T23:47:37","date_gmt":"2023-12-03T22:47:37","guid":{"rendered":"https:\/\/bc.academy\/winkelwagen\/"},"modified":"2025-11-21T15:19:10","modified_gmt":"2025-11-21T14:19:10","slug":"winkelwagen","status":"publish","type":"page","link":"https:\/\/bc.academy\/fr\/winkelwagen\/","title":{"rendered":"Panier"},"content":{"rendered":"\n<div data-block-name=\"woocommerce\/cart\" data-translated-with-w-p-m-l-t-m=\"1\" class=\"wp-block-woocommerce-cart alignwide is-loading\">\n<div data-block-name=\"woocommerce\/filled-cart-block\" data-translated-with-w-p-m-l-t-m=\"1\" class=\"wp-block-woocommerce-filled-cart-block\">\n<div data-block-name=\"woocommerce\/cart-items-block\" data-translated-with-w-p-m-l-t-m=\"1\" class=\"wp-block-woocommerce-cart-items-block\">\n<div data-block-name=\"woocommerce\/cart-line-items-block\" class=\"wp-block-woocommerce-cart-line-items-block\"><\/div>\n\n\n\n<div data-block-name=\"woocommerce\/cart-cross-sells-block\" data-translated-with-w-p-m-l-t-m=\"1\" class=\"wp-block-woocommerce-cart-cross-sells-block\">\n<h2 class=\"wp-block-heading has-large-font-size\">Vous pourriez \u00e9galement \u00eatre int\u00e9ress\u00e9(e) par\u2026<\/h2>\n\n\n\n<div data-block-name=\"woocommerce\/cart-cross-sells-products-block\" class=\"wp-block-woocommerce-cart-cross-sells-products-block\"><\/div>\n<\/div>\n<\/div>\n\n\n\n<div data-block-name=\"woocommerce\/cart-totals-block\" data-translated-with-w-p-m-l-t-m=\"1\" class=\"wp-block-woocommerce-cart-totals-block\">\n<div data-block-name=\"woocommerce\/cart-order-summary-block\" data-translated-with-w-p-m-l-t-m=\"1\" class=\"wp-block-woocommerce-cart-order-summary-block\">\n<div data-block-name=\"woocommerce\/cart-order-summary-heading-block\" class=\"wp-block-woocommerce-cart-order-summary-heading-block\"><\/div><div data-block-name=\"woocommerce\/cart-order-summary-coupon-form-block\" data-translated-with-w-p-m-l-t-m=\"1\" class=\"wp-block-woocommerce-cart-order-summary-coupon-form-block\"><\/div><br><br>&nbsp;<br>&nbsp;<br>&nbsp;<div data-block-name=\"woocommerce\/cart-order-summary-totals-block\" class=\"wp-block-woocommerce-cart-order-summary-totals-block\">\n<div data-block-name=\"woocommerce\/cart-order-summary-subtotal-block\" class=\"wp-block-woocommerce-cart-order-summary-subtotal-block\"><\/div>\n<div data-block-name=\"woocommerce\/cart-order-summary-discount-block\" data-translated-with-w-p-m-l-t-m=\"1\" class=\"wp-block-woocommerce-cart-order-summary-discount-block\"><\/div>\n<div data-block-name=\"woocommerce\/cart-order-summary-fee-block\" data-translated-with-w-p-m-l-t-m=\"1\" class=\"wp-block-woocommerce-cart-order-summary-fee-block\"><\/div>\n<div data-block-name=\"woocommerce\/cart-order-summary-shipping-block\" data-translated-with-w-p-m-l-t-m=\"1\" class=\"wp-block-woocommerce-cart-order-summary-shipping-block\"><\/div>\n<div data-block-name=\"woocommerce\/cart-order-summary-taxes-block\" data-translated-with-w-p-m-l-t-m=\"1\" class=\"wp-block-woocommerce-cart-order-summary-taxes-block\"><\/div><\/div><br>&nbsp;\n<\/div>\n\n\n\n<div data-block-name=\"woocommerce\/cart-express-payment-block\" data-translated-with-w-p-m-l-t-m=\"1\" class=\"wp-block-woocommerce-cart-express-payment-block\"><\/div><br>&nbsp;\n\n\n\n<div data-block-name=\"woocommerce\/proceed-to-checkout-block\" class=\"wp-block-woocommerce-proceed-to-checkout-block\"><\/div>\n\n\n\n<div data-block-name=\"woocommerce\/cart-accepted-payment-methods-block\" data-translated-with-w-p-m-l-t-m=\"1\" class=\"wp-block-woocommerce-cart-accepted-payment-methods-block\"><\/div><br><br>\n<\/div>\n<\/div>\n\n\n\n<div data-block-name=\"woocommerce\/empty-cart-block\" data-translated-with-w-p-m-l-t-m=\"1\" class=\"wp-block-woocommerce-empty-cart-block\">\n<h2 class=\"wp-block-heading has-text-align-center with-empty-cart-icon wc-block-cart__empty-cart__title\">Votre panier est actuellement vide !<\/h2>\n\n\n\n<hr class=\"wp-block-separator has-alpha-channel-opacity is-style-dots\"\/>\n\n\n\n<h2 class=\"wp-block-heading has-text-align-center\">Nouveaut\u00e9s dans la boutique<\/h2>\n\n\n<div data-block-name=\"woocommerce\/product-new\" data-columns=\"4\" data-rows=\"1\" class=\"wc-block-grid wp-block-product-new wp-block-woocommerce-product-new wc-block-product-new has-4-columns\"><ul class=\"wc-block-grid__products\"><li class=\"wc-block-grid__product\"><span class=\"gtm4wp_productdata\" style=\"display:none; visibility:hidden;\" data-gtm4wp_product_data=\"{&quot;internal_id&quot;:20441,&quot;item_id&quot;:20441,&quot;item_name&quot;:&quot;ISO 45001 Lead Auditor e-learning | PECB&quot;,&quot;sku&quot;:&quot;ISO45001_LA_E&quot;,&quot;price&quot;:1085,&quot;stocklevel&quot;:null,&quot;stockstatus&quot;:&quot;instock&quot;,&quot;google_business_vertical&quot;:&quot;retail&quot;,&quot;item_category&quot;:&quot;E-learnings&quot;,&quot;id&quot;:20441,&quot;productlink&quot;:&quot;https:\\\/\\\/bc.academy\\\/fr\\\/produit\\\/iso-45001-lead-auditor-e-learning-pecb\\\/&quot;,&quot;item_list_name&quot;:&quot;Liste g\\u00e9n\\u00e9rale des produits&quot;,&quot;index&quot;:0,&quot;product_type&quot;:&quot;simple&quot;,&quot;item_brand&quot;:&quot;&quot;}\"><\/span>\n\t\t\t\t<a href=\"https:\/\/bc.academy\/fr\/produit\/iso-45001-lead-auditor-e-learning-pecb\/\" class=\"wc-block-grid__product-link\">\n\t\t\t\t\t\n\t\t\t\t\t<div class=\"wc-block-grid__product-image\"><img loading=\"lazy\" decoding=\"async\" width=\"300\" height=\"300\" src=\"https:\/\/bc.academy\/wp-content\/uploads\/sites\/5\/2026\/02\/ISO45001_LA_E-300x300.webp\" class=\"attachment-woocommerce_thumbnail size-woocommerce_thumbnail\" alt=\"PECB ISO 45001 Lead Auditor e-learning\" srcset=\"https:\/\/bc.academy\/wp-content\/uploads\/sites\/5\/2026\/02\/ISO45001_LA_E-300x300.webp 300w, https:\/\/bc.academy\/wp-content\/uploads\/sites\/5\/2026\/02\/ISO45001_LA_E-150x150.webp 150w, https:\/\/bc.academy\/wp-content\/uploads\/sites\/5\/2026\/02\/ISO45001_LA_E-360x360.webp 360w, https:\/\/bc.academy\/wp-content\/uploads\/sites\/5\/2026\/02\/ISO45001_LA_E-60x60.webp 60w, https:\/\/bc.academy\/wp-content\/uploads\/sites\/5\/2026\/02\/ISO45001_LA_E-112x112.webp 112w, https:\/\/bc.academy\/wp-content\/uploads\/sites\/5\/2026\/02\/ISO45001_LA_E-600x600.webp 600w, https:\/\/bc.academy\/wp-content\/uploads\/sites\/5\/2026\/02\/ISO45001_LA_E-100x100.webp 100w, https:\/\/bc.academy\/wp-content\/uploads\/sites\/5\/2026\/02\/ISO45001_LA_E.webp 750w\" sizes=\"auto, (max-width: 300px) 100vw, 300px\" \/><\/div>\n\t\t\t\t\t<div class=\"wc-block-grid__product-title\">ISO 45001 Lead Auditor e-learning | PECB<\/div>\n\t\t\t\t<\/a>\n\t\t\t\t<div class=\"wc-block-grid__product-price price\"><span class=\"woocommerce-Price-amount amount\"><span class=\"woocommerce-Price-currencySymbol\">&euro;<\/span>&nbsp;1.085,00<\/span> <small class=\"woocommerce-price-suffix\">hors TVA<\/small><\/div>\n\t\t\t\t\n\t\t\t\t<div class=\"wp-block-button wc-block-grid__product-add-to-cart\"><a href=\"\/fr\/wp-json\/wp\/v2\/pages\/20064?add-to-cart=20441\" aria-label=\"Ajouter au panier\u00a0: &ldquo;ISO 45001 Lead Auditor e-learning | PECB&rdquo;\" data-quantity=\"1\" data-product_id=\"20441\" data-product_sku=\"ISO45001_LA_E\" data-price=\"1085\" rel=\"nofollow\" class=\"wp-block-button__link  add_to_cart_button ajax_add_to_cart\">Ajouter au panier<\/a><\/div>\n\t\t\t<\/li><li class=\"wc-block-grid__product\"><span class=\"gtm4wp_productdata\" style=\"display:none; visibility:hidden;\" data-gtm4wp_product_data=\"{&quot;internal_id&quot;:20439,&quot;item_id&quot;:20439,&quot;item_name&quot;:&quot;ISO 14001 Lead Auditor e-learning | PECB&quot;,&quot;sku&quot;:&quot;ISO14001_LA_E&quot;,&quot;price&quot;:1085,&quot;stocklevel&quot;:null,&quot;stockstatus&quot;:&quot;instock&quot;,&quot;google_business_vertical&quot;:&quot;retail&quot;,&quot;item_category&quot;:&quot;E-learnings&quot;,&quot;id&quot;:20439,&quot;productlink&quot;:&quot;https:\\\/\\\/bc.academy\\\/fr\\\/produit\\\/iso-14001-lead-auditor-e-learning-pecb\\\/&quot;,&quot;item_list_name&quot;:&quot;Liste g\\u00e9n\\u00e9rale des produits&quot;,&quot;index&quot;:0,&quot;product_type&quot;:&quot;simple&quot;,&quot;item_brand&quot;:&quot;&quot;}\"><\/span>\n\t\t\t\t<a href=\"https:\/\/bc.academy\/fr\/produit\/iso-14001-lead-auditor-e-learning-pecb\/\" class=\"wc-block-grid__product-link\">\n\t\t\t\t\t\n\t\t\t\t\t<div class=\"wc-block-grid__product-image\"><img loading=\"lazy\" decoding=\"async\" width=\"300\" height=\"300\" src=\"https:\/\/bc.academy\/wp-content\/uploads\/sites\/5\/2026\/02\/ISO14001_LA_E-300x300.jpg\" class=\"attachment-woocommerce_thumbnail size-woocommerce_thumbnail\" alt=\"PECB ISO 14001 Lead Auditor e-learning\" srcset=\"https:\/\/bc.academy\/wp-content\/uploads\/sites\/5\/2026\/02\/ISO14001_LA_E-300x300.jpg 300w, https:\/\/bc.academy\/wp-content\/uploads\/sites\/5\/2026\/02\/ISO14001_LA_E-150x150.jpg 150w, https:\/\/bc.academy\/wp-content\/uploads\/sites\/5\/2026\/02\/ISO14001_LA_E-360x360.jpg 360w, https:\/\/bc.academy\/wp-content\/uploads\/sites\/5\/2026\/02\/ISO14001_LA_E-60x60.jpg 60w, https:\/\/bc.academy\/wp-content\/uploads\/sites\/5\/2026\/02\/ISO14001_LA_E-112x112.jpg 112w, https:\/\/bc.academy\/wp-content\/uploads\/sites\/5\/2026\/02\/ISO14001_LA_E-600x600.jpg 600w, https:\/\/bc.academy\/wp-content\/uploads\/sites\/5\/2026\/02\/ISO14001_LA_E-100x100.jpg 100w, https:\/\/bc.academy\/wp-content\/uploads\/sites\/5\/2026\/02\/ISO14001_LA_E.jpg 750w\" sizes=\"auto, (max-width: 300px) 100vw, 300px\" \/><\/div>\n\t\t\t\t\t<div class=\"wc-block-grid__product-title\">ISO 14001 Lead Auditor e-learning | PECB<\/div>\n\t\t\t\t<\/a>\n\t\t\t\t<div class=\"wc-block-grid__product-price price\"><span class=\"woocommerce-Price-amount amount\"><span class=\"woocommerce-Price-currencySymbol\">&euro;<\/span>&nbsp;1.085,00<\/span> <small class=\"woocommerce-price-suffix\">hors TVA<\/small><\/div>\n\t\t\t\t\n\t\t\t\t<div class=\"wp-block-button wc-block-grid__product-add-to-cart\"><a href=\"\/fr\/wp-json\/wp\/v2\/pages\/20064?add-to-cart=20439\" aria-label=\"Ajouter au panier\u00a0: &ldquo;ISO 14001 Lead Auditor e-learning | PECB&rdquo;\" data-quantity=\"1\" data-product_id=\"20439\" data-product_sku=\"ISO14001_LA_E\" data-price=\"1085\" rel=\"nofollow\" class=\"wp-block-button__link  add_to_cart_button ajax_add_to_cart\">Ajouter au panier<\/a><\/div>\n\t\t\t<\/li><li class=\"wc-block-grid__product\"><span class=\"gtm4wp_productdata\" style=\"display:none; visibility:hidden;\" data-gtm4wp_product_data=\"{&quot;internal_id&quot;:20430,&quot;item_id&quot;:20430,&quot;item_name&quot;:&quot;ISO 42001 Foundation e-learning | PECB&quot;,&quot;sku&quot;:&quot;ISO42001_F_E&quot;,&quot;price&quot;:445,&quot;stocklevel&quot;:null,&quot;stockstatus&quot;:&quot;instock&quot;,&quot;google_business_vertical&quot;:&quot;retail&quot;,&quot;item_category&quot;:&quot;E-learnings&quot;,&quot;id&quot;:20430,&quot;productlink&quot;:&quot;https:\\\/\\\/bc.academy\\\/fr\\\/produit\\\/iso-42001-foundation-e-learning-pecb\\\/&quot;,&quot;item_list_name&quot;:&quot;Liste g\\u00e9n\\u00e9rale des produits&quot;,&quot;index&quot;:0,&quot;product_type&quot;:&quot;simple&quot;,&quot;item_brand&quot;:&quot;&quot;}\"><\/span>\n\t\t\t\t<a href=\"https:\/\/bc.academy\/fr\/produit\/iso-42001-foundation-e-learning-pecb\/\" class=\"wc-block-grid__product-link\">\n\t\t\t\t\t\n\t\t\t\t\t<div class=\"wc-block-grid__product-image\"><img loading=\"lazy\" decoding=\"async\" width=\"300\" height=\"300\" src=\"https:\/\/bc.academy\/wp-content\/uploads\/sites\/5\/2026\/02\/ISO42001_F_E-300x300.webp\" class=\"attachment-woocommerce_thumbnail size-woocommerce_thumbnail\" alt=\"PECB ISO 42001 Foundation e-learning\" srcset=\"https:\/\/bc.academy\/wp-content\/uploads\/sites\/5\/2026\/02\/ISO42001_F_E-300x300.webp 300w, https:\/\/bc.academy\/wp-content\/uploads\/sites\/5\/2026\/02\/ISO42001_F_E-150x150.webp 150w, https:\/\/bc.academy\/wp-content\/uploads\/sites\/5\/2026\/02\/ISO42001_F_E-360x360.webp 360w, https:\/\/bc.academy\/wp-content\/uploads\/sites\/5\/2026\/02\/ISO42001_F_E-60x60.webp 60w, https:\/\/bc.academy\/wp-content\/uploads\/sites\/5\/2026\/02\/ISO42001_F_E-112x112.webp 112w, https:\/\/bc.academy\/wp-content\/uploads\/sites\/5\/2026\/02\/ISO42001_F_E-600x600.webp 600w, https:\/\/bc.academy\/wp-content\/uploads\/sites\/5\/2026\/02\/ISO42001_F_E-100x100.webp 100w, https:\/\/bc.academy\/wp-content\/uploads\/sites\/5\/2026\/02\/ISO42001_F_E.webp 750w\" sizes=\"auto, (max-width: 300px) 100vw, 300px\" \/><\/div>\n\t\t\t\t\t<div class=\"wc-block-grid__product-title\">ISO 42001 Foundation e-learning | PECB<\/div>\n\t\t\t\t<\/a>\n\t\t\t\t<div class=\"wc-block-grid__product-price price\"><span class=\"woocommerce-Price-amount amount\"><span class=\"woocommerce-Price-currencySymbol\">&euro;<\/span>&nbsp;445,00<\/span> <small class=\"woocommerce-price-suffix\">hors TVA<\/small><\/div>\n\t\t\t\t\n\t\t\t\t<div class=\"wp-block-button wc-block-grid__product-add-to-cart\"><a href=\"\/fr\/wp-json\/wp\/v2\/pages\/20064?add-to-cart=20430\" aria-label=\"Ajouter au panier\u00a0: &ldquo;ISO 42001 Foundation e-learning | PECB&rdquo;\" data-quantity=\"1\" data-product_id=\"20430\" data-product_sku=\"ISO42001_F_E\" data-price=\"445\" rel=\"nofollow\" class=\"wp-block-button__link  add_to_cart_button ajax_add_to_cart\">Ajouter au panier<\/a><\/div>\n\t\t\t<\/li><li class=\"wc-block-grid__product\"><span class=\"gtm4wp_productdata\" style=\"display:none; visibility:hidden;\" data-gtm4wp_product_data=\"{&quot;internal_id&quot;:20434,&quot;item_id&quot;:20434,&quot;item_name&quot;:&quot;ISO 42001 Lead Auditor e-learning | PECB&quot;,&quot;sku&quot;:&quot;ISO42001_LA_E&quot;,&quot;price&quot;:1085,&quot;stocklevel&quot;:null,&quot;stockstatus&quot;:&quot;instock&quot;,&quot;google_business_vertical&quot;:&quot;retail&quot;,&quot;item_category&quot;:&quot;E-learnings&quot;,&quot;id&quot;:20434,&quot;productlink&quot;:&quot;https:\\\/\\\/bc.academy\\\/fr\\\/produit\\\/iso-42001-lead-auditor-e-learning-pecb\\\/&quot;,&quot;item_list_name&quot;:&quot;Liste g\\u00e9n\\u00e9rale des produits&quot;,&quot;index&quot;:0,&quot;product_type&quot;:&quot;simple&quot;,&quot;item_brand&quot;:&quot;&quot;}\"><\/span>\n\t\t\t\t<a href=\"https:\/\/bc.academy\/fr\/produit\/iso-42001-lead-auditor-e-learning-pecb\/\" class=\"wc-block-grid__product-link\">\n\t\t\t\t\t\n\t\t\t\t\t<div class=\"wc-block-grid__product-image\"><img loading=\"lazy\" decoding=\"async\" width=\"300\" height=\"300\" src=\"https:\/\/bc.academy\/wp-content\/uploads\/sites\/5\/2026\/02\/ISO42001_LA_E-300x300.webp\" class=\"attachment-woocommerce_thumbnail size-woocommerce_thumbnail\" alt=\"PECB ISO 42001 Lead Auditor e-learning\" srcset=\"https:\/\/bc.academy\/wp-content\/uploads\/sites\/5\/2026\/02\/ISO42001_LA_E-300x300.webp 300w, https:\/\/bc.academy\/wp-content\/uploads\/sites\/5\/2026\/02\/ISO42001_LA_E-150x150.webp 150w, https:\/\/bc.academy\/wp-content\/uploads\/sites\/5\/2026\/02\/ISO42001_LA_E-360x360.webp 360w, https:\/\/bc.academy\/wp-content\/uploads\/sites\/5\/2026\/02\/ISO42001_LA_E-60x60.webp 60w, https:\/\/bc.academy\/wp-content\/uploads\/sites\/5\/2026\/02\/ISO42001_LA_E-112x112.webp 112w, https:\/\/bc.academy\/wp-content\/uploads\/sites\/5\/2026\/02\/ISO42001_LA_E-600x600.webp 600w, https:\/\/bc.academy\/wp-content\/uploads\/sites\/5\/2026\/02\/ISO42001_LA_E-100x100.webp 100w, https:\/\/bc.academy\/wp-content\/uploads\/sites\/5\/2026\/02\/ISO42001_LA_E.webp 750w\" sizes=\"auto, (max-width: 300px) 100vw, 300px\" \/><\/div>\n\t\t\t\t\t<div class=\"wc-block-grid__product-title\">ISO 42001 Lead Auditor e-learning | PECB<\/div>\n\t\t\t\t<\/a>\n\t\t\t\t<div class=\"wc-block-grid__product-price price\"><span class=\"woocommerce-Price-amount amount\"><span class=\"woocommerce-Price-currencySymbol\">&euro;<\/span>&nbsp;1.085,00<\/span> <small class=\"woocommerce-price-suffix\">hors TVA<\/small><\/div>\n\t\t\t\t\n\t\t\t\t<div class=\"wp-block-button wc-block-grid__product-add-to-cart\"><a href=\"\/fr\/wp-json\/wp\/v2\/pages\/20064?add-to-cart=20434\" aria-label=\"Ajouter au panier\u00a0: &ldquo;ISO 42001 Lead Auditor e-learning | PECB&rdquo;\" data-quantity=\"1\" data-product_id=\"20434\" data-product_sku=\"ISO42001_LA_E\" data-price=\"1085\" rel=\"nofollow\" class=\"wp-block-button__link  add_to_cart_button ajax_add_to_cart\">Ajouter au panier<\/a><\/div>\n\t\t\t<\/li><\/ul><\/div><\/div>\n<\/div>\n","protected":false},"excerpt":{"rendered":"","protected":false},"author":1,"featured_media":0,"parent":0,"menu_order":1,"comment_status":"closed","ping_status":"closed","template":"","meta":{"_acf_changed":false,"footnotes":""},"class_list":["post-20064","page","type-page","status-publish","hentry"],"acf":[],"_links":{"self":[{"href":"https:\/\/bc.academy\/fr\/wp-json\/wp\/v2\/pages\/20064","targetHints":{"allow":["GET"]}}],"collection":[{"href":"https:\/\/bc.academy\/fr\/wp-json\/wp\/v2\/pages"}],"about":[{"href":"https:\/\/bc.academy\/fr\/wp-json\/wp\/v2\/types\/page"}],"author":[{"embeddable":true,"href":"https:\/\/bc.academy\/fr\/wp-json\/wp\/v2\/users\/1"}],"replies":[{"embeddable":true,"href":"https:\/\/bc.academy\/fr\/wp-json\/wp\/v2\/comments?post=20064"}],"version-history":[{"count":2,"href":"https:\/\/bc.academy\/fr\/wp-json\/wp\/v2\/pages\/20064\/revisions"}],"predecessor-version":[{"id":20068,"href":"https:\/\/bc.academy\/fr\/wp-json\/wp\/v2\/pages\/20064\/revisions\/20068"}],"wp:attachment":[{"href":"https:\/\/bc.academy\/fr\/wp-json\/wp\/v2\/media?parent=20064"}],"curies":[{"name":"wp","href":"https:\/\/api.w.org\/{rel}","templated":true}]}}